{"id":15,"date":"2025-01-10T02:26:56","date_gmt":"2025-01-10T02:26:56","guid":{"rendered":"https:\/\/amiable-anna-xd.zipwp.site\/?page_id=15"},"modified":"2025-01-10T04:50:29","modified_gmt":"2025-01-10T04:50:29","slug":"nosotros","status":"publish","type":"page","link":"https:\/\/intercommx.net\/sitio\/nosotros\/","title":{"rendered":"Nosotros"},"content":{"rendered":"\n<div class=\"wp-block-uagb-container uagb-block-e5972208 alignfull uagb-is-root-container\"><div class=\"uagb-container-inner-blocks-wrap\">\n<div class=\"wp-block-uagb-advanced-heading uagb-block-b371cc12\"><p class=\"uagb-desc-text\">Sobre Nosotros<\/p><h1 class=\"uagb-heading-text\">Su socio de confianza en comunicaciones y tecnolog\u00eda<\/h1><\/div>\n<\/div><\/div>\n\n\n\n<div class=\"wp-block-uagb-container uagb-block-28fa86dc alignfull uagb-is-root-container\"><div class=\"uagb-container-inner-blocks-wrap\">\n<div class=\"wp-block-uagb-container uagb-block-18062607\">\n<div class=\"wp-block-uagb-image uagb-block-0be442bf wp-block-uagb-image--layout-default wp-block-uagb-image--effect-static wp-block-uagb-image--align-none\"><figure class=\"wp-block-uagb-image__figure\"><img decoding=\"async\" srcset=\"https:\/\/intercommx.net\/sitio\/wp-content\/uploads\/2025\/01\/close-up-view-of-system-hacking-5380792.jpeg ,https:\/\/intercommx.net\/sitio\/wp-content\/uploads\/2025\/01\/close-up-view-of-system-hacking-5380792.jpeg 780w, https:\/\/intercommx.net\/sitio\/wp-content\/uploads\/2025\/01\/close-up-view-of-system-hacking-5380792.jpeg 360w\" sizes=\"auto, (max-width: 480px) 150px\" src=\"https:\/\/intercommx.net\/sitio\/wp-content\/uploads\/2025\/01\/close-up-view-of-system-hacking-5380792.jpeg\" alt=\"\" class=\"uag-image-290\" width=\"560\" height=\"500\" title=\"about-us\" loading=\"lazy\" role=\"img\"\/><\/figure><\/div>\n\n\n\n<div class=\"wp-block-uagb-container uagb-block-ea15cb0a\">\n<div class=\"wp-block-uagb-container uagb-block-bc8fb7c9\">\n<div class=\"wp-block-uagb-counter uagb-block-d1f2f60b wp-block-uagb-counter--number\"><div class=\"wp-block-uagb-counter__number\"><span class=\"uagb-counter-block-number\" data-duration=\"1.5\" data-to-value=\"15\" data-from-value=\"0\" data-delimiter=\",\"><\/span><span class=\"uagb-counter-block-suffix\">+<\/span><\/div><div class=\"wp-block-uagb-counter__title\">Years of Experience<\/div><\/div>\n<\/div>\n\n\n\n<div class=\"wp-block-uagb-container uagb-block-733a60e1\">\n<div class=\"wp-block-uagb-counter uagb-block-6c75e0ad wp-block-uagb-counter--number\"><div class=\"wp-block-uagb-counter__number\"><span class=\"uagb-counter-block-number\" data-duration=\"1.5\" data-to-value=\"20\" data-from-value=\"0\" data-delimiter=\",\"><\/span><span class=\"uagb-counter-block-suffix\">+<\/span><\/div><div class=\"wp-block-uagb-counter__title\">Team Members<\/div><\/div>\n<\/div>\n\n\n\n<div class=\"wp-block-uagb-container uagb-block-9b243be6\">\n<div class=\"wp-block-uagb-counter uagb-block-dd716b88 wp-block-uagb-counter--number\"><div class=\"wp-block-uagb-counter__number\"><span class=\"uagb-counter-block-number\" data-duration=\"1.5\" data-to-value=\"98\" data-from-value=\"0\" data-delimiter=\",\"><\/span><span class=\"uagb-counter-block-suffix\">%<\/span><\/div><div class=\"wp-block-uagb-counter__title\">Satisfied Customer<\/div><\/div>\n<\/div>\n\n\n\n<div class=\"wp-block-uagb-container uagb-block-92d8df2f\">\n<div class=\"wp-block-uagb-counter uagb-block-d9cb5f03 wp-block-uagb-counter--number\"><div class=\"wp-block-uagb-counter__number\"><span class=\"uagb-counter-block-number\" data-duration=\"1.5\" data-to-value=\"5\" data-from-value=\"0\" data-delimiter=\",\"><\/span><span class=\"uagb-counter-block-suffix\">+<\/span><\/div><div class=\"wp-block-uagb-counter__title\">Winning Awards<\/div><\/div>\n<\/div>\n<\/div>\n<\/div>\n\n\n\n<div class=\"wp-block-uagb-container uagb-block-7f0c016a\">\n<div class=\"wp-block-uagb-advanced-heading uagb-block-8a54fc41\"><p class=\"uagb-desc-text\">Nuestra Misi\u00f3n<\/p><h2 class=\"uagb-heading-text\">Comprometidos con su \u00e9xito a trav\u00e9s de la tecnolog\u00eda avanzada<\/h2><\/div>\n\n\n\n<div class=\"wp-block-uagb-advanced-heading uagb-block-a33c8efa\"><p class=\"uagb-heading-text\">Desde nuestro inicio, hemos establecido relaciones s\u00f3lidas con clientes importantes, brindando soluciones efectivas que han mejorado su rendimiento y capacidad operativa.<\/p><p class=\"uagb-desc-text\">Internacional de Comunicaciones ha logrado resultados significativos para sus clientes, fortaleciendo su infraestructura tecnol\u00f3gica y optimizando sus procesos. A trav\u00e9s de un enfoque personalizado y soluciones innovadoras, hemos garantizado el crecimiento y la eficiencia, convirti\u00e9ndonos en un aliado estrat\u00e9gico clave en su desarrollo empresarial.<\/p><\/div>\n\n\n\n<div class=\"wp-block-uagb-image uagb-block-2cef716a wp-block-uagb-image--layout-default wp-block-uagb-image--effect-static wp-block-uagb-image--align-none\"><figure class=\"wp-block-uagb-image__figure\"><img decoding=\"async\" srcset=\"https:\/\/intercommx.net\/sitio\/wp-content\/uploads\/2025\/01\/female-engineer-in-pink-dress-shirt-1181339.jpeg ,https:\/\/intercommx.net\/sitio\/wp-content\/uploads\/2025\/01\/female-engineer-in-pink-dress-shirt-1181339.jpeg 780w, https:\/\/intercommx.net\/sitio\/wp-content\/uploads\/2025\/01\/female-engineer-in-pink-dress-shirt-1181339.jpeg 360w\" sizes=\"auto, (max-width: 480px) 150px\" src=\"https:\/\/intercommx.net\/sitio\/wp-content\/uploads\/2025\/01\/female-engineer-in-pink-dress-shirt-1181339.jpeg\" alt=\"\" class=\"uag-image-291\" width=\"560\" height=\"300\" title=\"who-we-are\" loading=\"lazy\" role=\"img\"\/><\/figure><\/div>\n<\/div>\n<\/div><\/div>\n\n\n\n<div class=\"wp-block-uagb-container uagb-layout-grid uagb-block-b73b02d3 alignfull uagb-is-root-container\"><div class=\"uagb-container-inner-blocks-wrap\">\n<div class=\"wp-block-uagb-container uagb-block-68004fa2\">\n<div class=\"wp-block-uagb-info-box uagb-block-777883ce uagb-infobox__content-wrap  uagb-infobox-icon-above-title uagb-infobox-image-valign-top\"><div class=\"uagb-ifb-content\"><div class=\"uagb-ifb-title-wrap\"><p class=\"uagb-ifb-title-prefix\">Nuestra Trayectoria<\/p><h2 class=\"uagb-ifb-title\">Historia de Internacional de Comunicaciones<\/h2><\/div><p class=\"uagb-ifb-desc\">Desde su fundaci\u00f3n hace varios a\u00f1os, Internacional de Comunicaciones ha evolucionado para convertirse en un referente en el sector de telecomunicaciones y tecnolog\u00eda de la informaci\u00f3n. Con un equipo de expertos, hemos acumulado exitosos proyectos que han demostrado nuestra capacidad y compromiso con la excelencia.<\/p><\/div><\/div>\n<\/div>\n\n\n\n<div class=\"wp-block-uagb-image uagb-block-1c8aa24f wp-block-uagb-image--layout-default wp-block-uagb-image--effect-static wp-block-uagb-image--align-none\"><figure class=\"wp-block-uagb-image__figure\"><img decoding=\"async\" srcset=\"https:\/\/intercommx.net\/sitio\/wp-content\/uploads\/2025\/01\/software-engineer-standing-beside-server-racks-1181354.jpeg ,https:\/\/intercommx.net\/sitio\/wp-content\/uploads\/2025\/01\/software-engineer-standing-beside-server-racks-1181354.jpeg 780w, https:\/\/intercommx.net\/sitio\/wp-content\/uploads\/2025\/01\/software-engineer-standing-beside-server-racks-1181354.jpeg 360w\" sizes=\"auto, (max-width: 480px) 150px\" src=\"https:\/\/intercommx.net\/sitio\/wp-content\/uploads\/2025\/01\/software-engineer-standing-beside-server-racks-1181354.jpeg\" alt=\"\" class=\"uag-image-284\" width=\"600\" height=\"500\" title=\"our-story\" loading=\"lazy\" role=\"img\"\/><\/figure><\/div>\n<\/div><\/div>\n\n\n\n<div class=\"wp-block-uagb-container uagb-block-1fa75ccb alignfull uagb-is-root-container\"><div class=\"uagb-container-inner-blocks-wrap\">\n<div class=\"wp-block-uagb-advanced-heading uagb-block-7b6eba87\"><p class=\"uagb-desc-text\">Nuestro Talento<\/p><h2 class=\"uagb-heading-text\">Equipos especializados al servicio de nuestros clientes<\/h2><\/div>\n\n\n\n<div class=\"wp-block-uagb-container uagb-block-04137919\">\n<div class=\"wp-block-uagb-container uagb-block-084b022d\">\n<div class=\"wp-block-uagb-image aligncenter uagb-block-403c2f68 wp-block-uagb-image--layout-default wp-block-uagb-image--effect-static wp-block-uagb-image--align-center\"><figure class=\"wp-block-uagb-image__figure\"><img decoding=\"async\" srcset=\"https:\/\/intercommx.net\/sitio\/wp-content\/uploads\/2024\/05\/team-skip-01.jpg ,https:\/\/intercommx.net\/sitio\/wp-content\/uploads\/2024\/05\/team-skip-01.jpg 780w, https:\/\/intercommx.net\/sitio\/wp-content\/uploads\/2024\/05\/team-skip-01.jpg 360w\" sizes=\"auto, (max-width: 480px) 150px\" src=\"https:\/\/intercommx.net\/sitio\/wp-content\/uploads\/2024\/05\/team-skip-01.jpg\" alt=\"\" class=\"uag-image-48\" width=\"270\" height=\"270\" title=\"team-skip-01\" loading=\"lazy\" role=\"img\"\/><\/figure><\/div>\n\n\n\n<div class=\"wp-block-uagb-advanced-heading uagb-block-58e05184\"><h3 class=\"uagb-heading-text\">William Baker<\/h3><\/div>\n<\/div>\n\n\n\n<div class=\"wp-block-uagb-container uagb-block-44e963c5\">\n<div class=\"wp-block-uagb-image aligncenter uagb-block-5a27e28d wp-block-uagb-image--layout-default wp-block-uagb-image--effect-static wp-block-uagb-image--align-center\"><figure class=\"wp-block-uagb-image__figure\"><img decoding=\"async\" srcset=\"https:\/\/intercommx.net\/sitio\/wp-content\/uploads\/2024\/05\/team-skip-02.jpg ,https:\/\/intercommx.net\/sitio\/wp-content\/uploads\/2024\/05\/team-skip-02.jpg 780w, https:\/\/intercommx.net\/sitio\/wp-content\/uploads\/2024\/05\/team-skip-02.jpg 360w\" sizes=\"auto, (max-width: 480px) 150px\" src=\"https:\/\/intercommx.net\/sitio\/wp-content\/uploads\/2024\/05\/team-skip-02.jpg\" alt=\"\" class=\"uag-image-49\" width=\"270\" height=\"270\" title=\"team-skip-02\" loading=\"lazy\" role=\"img\"\/><\/figure><\/div>\n\n\n\n<div class=\"wp-block-uagb-advanced-heading uagb-block-853be4b4\"><h3 class=\"uagb-heading-text\">Oliver Evans<\/h3><\/div>\n<\/div>\n\n\n\n<div class=\"wp-block-uagb-container uagb-block-26984318\">\n<div class=\"wp-block-uagb-image aligncenter uagb-block-75afc079 wp-block-uagb-image--layout-default wp-block-uagb-image--effect-static wp-block-uagb-image--align-center\"><figure class=\"wp-block-uagb-image__figure\"><img decoding=\"async\" srcset=\"https:\/\/intercommx.net\/sitio\/wp-content\/uploads\/2024\/05\/team-skip-03.jpg ,https:\/\/intercommx.net\/sitio\/wp-content\/uploads\/2024\/05\/team-skip-03.jpg 780w, https:\/\/intercommx.net\/sitio\/wp-content\/uploads\/2024\/05\/team-skip-03.jpg 360w\" sizes=\"auto, (max-width: 480px) 150px\" src=\"https:\/\/intercommx.net\/sitio\/wp-content\/uploads\/2024\/05\/team-skip-03.jpg\" alt=\"\" class=\"uag-image-50\" width=\"270\" height=\"270\" title=\"team-skip-03\" loading=\"lazy\" role=\"img\"\/><\/figure><\/div>\n\n\n\n<div class=\"wp-block-uagb-advanced-heading uagb-block-5c3f31ed\"><h3 class=\"uagb-heading-text\">Arthur Walker<\/h3><\/div>\n<\/div>\n\n\n\n<div class=\"wp-block-uagb-container uagb-block-a9e32928\">\n<div class=\"wp-block-uagb-image aligncenter uagb-block-ea94a255 wp-block-uagb-image--layout-default wp-block-uagb-image--effect-static wp-block-uagb-image--align-center\"><figure class=\"wp-block-uagb-image__figure\"><img decoding=\"async\" srcset=\"https:\/\/intercommx.net\/sitio\/wp-content\/uploads\/2024\/05\/team-skip-04.jpg ,https:\/\/intercommx.net\/sitio\/wp-content\/uploads\/2024\/05\/team-skip-04.jpg 780w, https:\/\/intercommx.net\/sitio\/wp-content\/uploads\/2024\/05\/team-skip-04.jpg 360w\" sizes=\"auto, (max-width: 480px) 150px\" src=\"https:\/\/intercommx.net\/sitio\/wp-content\/uploads\/2024\/05\/team-skip-04.jpg\" alt=\"\" class=\"uag-image-51\" width=\"270\" height=\"270\" title=\"team-skip-04\" loading=\"lazy\" role=\"img\"\/><\/figure><\/div>\n\n\n\n<div class=\"wp-block-uagb-advanced-heading uagb-block-8f640a8c\"><h3 class=\"uagb-heading-text\">Alexander Roberts<\/h3><\/div>\n<\/div>\n<\/div>\n<\/div><\/div>\n\n\n\n<div class=\"wp-block-uagb-container uagb-block-353480fd alignfull uagb-is-root-container\"><div class=\"uagb-container-inner-blocks-wrap\">\n<div class=\"wp-block-uagb-info-box uagb-block-289af9f9 uagb-infobox__content-wrap  uagb-infobox-icon-above-title uagb-infobox-image-valign-top\"><div class=\"uagb-ifb-content\"><div class=\"uagb-ifb-title-wrap\"><h2 class=\"uagb-ifb-title\">\u00bfListo para transformar tu empresa?<\/h2><\/div><p class=\"uagb-ifb-desc\">Contacta a nuestro equipo y descubre c\u00f3mo podemos ayudarte a alcanzar tus metas tecnol\u00f3gicas.<\/p><div class=\"uagb-ifb-button-wrapper wp-block-button\"><a href=\"\/sitio\/contact\/\" class=\"uagb-infobox-cta-link wp-block-button__link\" target=\"_self\" rel=\"noopener noreferrer\" onclick=\"return true;\"><span class=\"uagb-inline-editing\">Cont\u00e1ctanos<\/span><\/a><\/div><\/div><\/div>\n<\/div><\/div>\n","protected":false},"excerpt":{"rendered":"<p>Sobre Nosotros Su socio de confianza en comunicaciones y tecnolog\u00eda Nuestra Misi\u00f3n Comprometidos con su \u00e9xito a trav\u00e9s de la [&hellip;]<\/p>\n","protected":false},"author":4,"featured_media":0,"parent":0,"menu_order":0,"comment_status":"closed","ping_status":"closed","template":"","meta":{"_uag_custom_page_level_css":"","site-sidebar-layout":"default","site-content-layout":"","ast-site-content-layout":"default","site-content-style":"default","site-sidebar-style":"default","ast-global-header-display":"","ast-banner-title-visibility":"","ast-main-header-display":"","ast-hfb-above-header-display":"","ast-hfb-below-header-display":"","ast-hfb-mobile-header-display":"","site-post-title":"disabled","ast-breadcrumbs-content":"","ast-featured-img":"","footer-sml-layout":"","ast-disable-related-posts":"","theme-transparent-header-meta":"","adv-header-id-meta":"","stick-header-meta":"","header-above-stick-meta":"","header-main-stick-meta":"","header-below-stick-meta":"","astra-migrate-meta-layouts":"default","ast-page-background-enabled":"default","ast-page-background-meta":{"desktop":{"background-color":"var(--ast-global-color-4)","background-image":"","background-repeat":"repeat","background-position":"center center","background-size":"auto","background-attachment":"scroll","background-type":"","background-media":"","overlay-type":"","overlay-color":"","overlay-opacity":"","overlay-gradient":""},"tablet":{"background-color":"","background-image":"","background-repeat":"repeat","background-position":"center center","background-size":"auto","background-attachment":"scroll","background-type":"","background-media":"","overlay-type":"","overlay-color":"","overlay-opacity":"","overlay-gradient":""},"mobile":{"background-color":"","background-image":"","background-repeat":"repeat","background-position":"center center","background-size":"auto","background-attachment":"scroll","background-type":"","background-media":"","overlay-type":"","overlay-color":"","overlay-opacity":"","overlay-gradient":""}},"ast-content-background-meta":{"desktop":{"background-color":"var(--ast-global-color-5)","background-image":"","background-repeat":"repeat","background-position":"center center","background-size":"auto","background-attachment":"scroll","background-type":"","background-media":"","overlay-type":"","overlay-color":"","overlay-opacity":"","overlay-gradient":""},"tablet":{"background-color":"var(--ast-global-color-5)","background-image":"","background-repeat":"repeat","background-position":"center center","background-size":"auto","background-attachment":"scroll","background-type":"","background-media":"","overlay-type":"","overlay-color":"","overlay-opacity":"","overlay-gradient":""},"mobile":{"background-color":"var(--ast-global-color-5)","background-image":"","background-repeat":"repeat","background-position":"center center","background-size":"auto","background-attachment":"scroll","background-type":"","background-media":"","overlay-type":"","overlay-color":"","overlay-opacity":"","overlay-gradient":""}},"footnotes":""},"class_list":["post-15","page","type-page","status-publish","hentry"],"uagb_featured_image_src":{"full":false,"thumbnail":false,"medium":false,"medium_large":false,"large":false,"1536x1536":false,"2048x2048":false},"uagb_author_info":{"display_name":"qhmtghrdrgwk","author_link":"https:\/\/intercommx.net\/sitio\/author\/qhmtghrdrgwk\/"},"uagb_comment_info":0,"uagb_excerpt":"Sobre Nosotros Su socio de confianza en comunicaciones y tecnolog\u00eda Nuestra Misi\u00f3n Comprometidos con su \u00e9xito a trav\u00e9s de la [&hellip;]","_links":{"self":[{"href":"https:\/\/intercommx.net\/sitio\/wp-json\/wp\/v2\/pages\/15","targetHints":{"allow":["GET"]}}],"collection":[{"href":"https:\/\/intercommx.net\/sitio\/wp-json\/wp\/v2\/pages"}],"about":[{"href":"https:\/\/intercommx.net\/sitio\/wp-json\/wp\/v2\/types\/page"}],"author":[{"embeddable":true,"href":"https:\/\/intercommx.net\/sitio\/wp-json\/wp\/v2\/users\/4"}],"replies":[{"embeddable":true,"href":"https:\/\/intercommx.net\/sitio\/wp-json\/wp\/v2\/comments?post=15"}],"version-history":[{"count":2,"href":"https:\/\/intercommx.net\/sitio\/wp-json\/wp\/v2\/pages\/15\/revisions"}],"predecessor-version":[{"id":309,"href":"https:\/\/intercommx.net\/sitio\/wp-json\/wp\/v2\/pages\/15\/revisions\/309"}],"wp:attachment":[{"href":"https:\/\/intercommx.net\/sitio\/wp-json\/wp\/v2\/media?parent=15"}],"curies":[{"name":"wp","href":"https:\/\/api.w.org\/{rel}","templated":true}]}}